{"id":95,"date":"2025-01-05T13:30:16","date_gmt":"2025-01-05T13:30:16","guid":{"rendered":"https:\/\/parcani.md\/?page_id=95"},"modified":"2025-05-04T15:28:22","modified_gmt":"2025-05-04T15:28:22","slug":"pagina-web-oficiala","status":"publish","type":"page","link":"https:\/\/parcani.md\/","title":{"rendered":""},"content":{"rendered":"\n<style class=\"wp-block-gallery-1\">\n.no-sidebar .site-content .wrapper,\n.error404 .site-content .wrapper {\n\tmax-width: 978px;\n}\n<\/style>\n<figure class=\"wp-block-gallery has-nested-images columns-default is-cropped is-layout-flex wp-block-gallery-is-layout-flex\">\n\n<figure class=\"wp-block-image size-large\"><img loading=\"lazy\" decoding=\"async\" width=\"838\" height=\"1024\" data-id=\"138\" src=\"https:\/\/parcani.md\/wp-content\/uploads\/2025\/01\/380433779_860931588882899_7146419202813425287_n-838x1024.jpg\" alt=\"\" class=\"wp-image-138\" srcset=\"https:\/\/parcani.md\/wp-content\/uploads\/2025\/01\/380433779_860931588882899_7146419202813425287_n-838x1024.jpg 838w, https:\/\/parcani.md\/wp-content\/uploads\/2025\/01\/380433779_860931588882899_7146419202813425287_n-245x300.jpg 245w, https:\/\/parcani.md\/wp-content\/uploads\/2025\/01\/380433779_860931588882899_7146419202813425287_n-768x939.jpg 768w, https:\/\/parcani.md\/wp-content\/uploads\/2025\/01\/380433779_860931588882899_7146419202813425287_n-172x210.jpg 172w, https:\/\/parcani.md\/wp-content\/uploads\/2025\/01\/380433779_860931588882899_7146419202813425287_n.jpg 970w\" sizes=\"auto, (max-width: 838px) 100vw, 838px\" \/><\/figure>\n\n<\/figure>\n\n\n\n<div class=\"wp-block-columns is-layout-flex wp-container-core-columns-is-layout-9d6595d7 wp-block-columns-is-layout-flex\">\n<div class=\"wp-block-column is-layout-flow wp-block-column-is-layout-flow\">\n<style>\n \n\n    .cards-container {\n      display: flex;\n      justify-content: center;\n      gap: 30px;\n      background-color: #eaf4ff;\n      padding: 40px 20px;\n      border-radius: 10px;\n      flex-wrap: wrap;\n    }\n\n    .card {\n      background-color: #fff;\n      padding: 40px 30px;\n     \n      text-align: center;\n      border-radius: 10px;\n      transition: transform 0.3s ease, box-shadow 0.3s ease;\n      box-shadow: 0 4px 12px rgba(0,0,0,0.05);\n    }\n\n    .card:hover {\n      transform: translateY(-5px);\n      box-shadow: 0 6px 18px rgba(0,0,0,0.1);\n    }\n\n    .card svg {\n      width: 48px;\n      height: 48px;\n      fill: #5e6e7f;\n      margin-bottom: 20px;\n    }\n\n    .card-title {\n      font-size: 16px;\n      color: #5e6e7f;\n    }\n  <\/style>\n\n\n  <div class=\"cards-container\">\n    <!-- Card 1 -->\n   <a href=\"\/?page_id=55\"> <div class=\"card\">\n      <svg xmlns=\"http:\/\/www.w3.org\/2000\/svg\" viewBox=\"0 0 24 24\">\n        <path d=\"M4 6h16v2H4zm0 5h16v2H4zm0 5h16v2H4z\"\/>\n      <\/svg>\n      <div class=\"card-title\">Dispozi\u021biile primarului<\/div>\n    <\/div><\/a>\n\n    <!-- Card 2 -->\n   <a href=\"\/?page_id=59\"> <div class=\"card\">\n      <svg xmlns=\"http:\/\/www.w3.org\/2000\/svg\" viewBox=\"0 0 24 24\">\n        <path d=\"M16 1H4a2 2 0 0 0-2 2v18l4-4h10a2 2 0 0 0 2-2V3a2 2 0 0 0-2-2zm4 4h-2v12a4 4 0 0 1-4 4H6v2a2 2 0 0 0 2 2h10l4-4V5z\"\/>\n      <\/svg>\n      <div class=\"card-title\">Deciziile consiliului<\/div>\n    <\/div><\/a>\n\n    <!-- Card 3 -->\n  <a href=\"#\">  <div class=\"card\">\n      <svg xmlns=\"http:\/\/www.w3.org\/2000\/svg\" viewBox=\"0 0 24 24\">\n        <path d=\"M4 10.5c.83 0 1.5-.67 1.5-1.5S4.83 7.5 4 7.5 2.5 8.17 2.5 9 3.17 10.5 4 10.5zm0 5c.83 0 1.5-.67 1.5-1.5S4.83 12.5 4 12.5 2.5 13.17 2.5 14 3.17 15.5 4 15.5zm0 5c.83 0 1.5-.67 1.5-1.5S4.83 17.5 4 17.5 2.5 18.17 2.5 19 3.17 20.5 4 20.5zM8 9h14v2H8V9zm0 5h14v2H8v-2zm0 5h14v2H8v-2z\"\/>\n      <\/svg>\n      <div class=\"card-title\">Proiecte de decizii<\/div>\n    <\/div><\/a>\n  <\/div>\n<\/div>\n<\/div>\n\n\n\n<p><\/p>\n\n\n\n<style>\n    \n    .tit-item {\n      margin-bottom: -18px;\n     text-align: center;\n    }\n .tit-item2 {\n      margin-top: -8px;\n     text-align: center;\n    }\n\n\n  <\/style>\n\n<h2 class=\"tit-item wp-block-heading has-text-align-center\">Nout\u0103\u021bi Evenimente \u0219i Anun\u021buri<\/h2><p class=\"tit-item2\">Vezi cele mai recente nout\u0103\u021bi \u0219i anun\u021buri.<\/p>\n\n\n\n<p class=\"has-text-align-center\"><\/p>\n\n\n<ul class=\"wp-block-latest-posts__list is-grid columns-3 has-dates ultimele_3_articole wp-block-latest-posts has-small-font-size\"><li><div class=\"wp-block-latest-posts__featured-image alignleft\"><img loading=\"lazy\" decoding=\"async\" width=\"150\" height=\"150\" src=\"https:\/\/parcani.md\/wp-content\/uploads\/2025\/03\/1000055990-150x150.jpg\" class=\"attachment-thumbnail size-thumbnail wp-post-image\" alt=\"\" style=\"\" srcset=\"https:\/\/parcani.md\/wp-content\/uploads\/2025\/03\/1000055990-150x150.jpg 150w, https:\/\/parcani.md\/wp-content\/uploads\/2025\/03\/1000055990-210x210.jpg 210w\" sizes=\"auto, (max-width: 150px) 100vw, 150px\" \/><\/div><a class=\"wp-block-latest-posts__post-title\" href=\"https:\/\/parcani.md\/?p=236\">Omagiu \u0219i Recuno\u0219tin\u021b\u0103 pentru Doamnele \u0219i Domni\u0219oarele din Parcani<\/a><time datetime=\"2025-03-08T19:17:20+00:00\" class=\"wp-block-latest-posts__post-date\">8 martie 2025<\/time><div class=\"wp-block-latest-posts__post-excerpt\">Mult Stimate Doamne \u015fi Domni\u015foare ai satului Parcani!Armonia \u015fi mireasma \u00eemb\u0103t\u0103toare a florilor, c\u0103ldura \u00eembietoare a prim\u0103verii \u015fi-ar pierde farmecul dac\u0103 nu a\u0163i exista Dumneavoastr\u0103.Crea\u0163ie a divinit\u0103\u0163ii, Femeia \u00eentruchipeaz\u0103 fiin\u0163a &hellip; <a class=\"readmore\" href=\"https:\/\/parcani.md\/?p=236\">Cite\u015fte mai mult \u00bb<\/a><\/div><\/li>\n<li><div class=\"wp-block-latest-posts__featured-image alignleft\"><img loading=\"lazy\" decoding=\"async\" width=\"150\" height=\"150\" src=\"https:\/\/parcani.md\/wp-content\/uploads\/2025\/03\/1000055984-150x150.jpg\" class=\"attachment-thumbnail size-thumbnail wp-post-image\" alt=\"\" style=\"\" srcset=\"https:\/\/parcani.md\/wp-content\/uploads\/2025\/03\/1000055984-150x150.jpg 150w, https:\/\/parcani.md\/wp-content\/uploads\/2025\/03\/1000055984-210x210.jpg 210w\" sizes=\"auto, (max-width: 150px) 100vw, 150px\" \/><\/div><a class=\"wp-block-latest-posts__post-title\" href=\"https:\/\/parcani.md\/?p=215\">Omagiu Femeii: Momente Speciale la C\u0103minul de Cultur\u0103 \u201eMaria Dr\u0103gan\u201d din Parcani<\/a><time datetime=\"2025-03-08T19:12:09+00:00\" class=\"wp-block-latest-posts__post-date\">8 martie 2025<\/time><div class=\"wp-block-latest-posts__post-excerpt\">Ziua de 8 martie este recunoscut\u0103 ca s\u0103rb\u0103toarea Interna\u0163ional\u0103 a femeii. Luna martie este prima lun\u0103 a prim\u0103verii, c\u00e2nd toat\u0103 natura rena\u015fte \u015fi razele soarelui \u00eencep s\u0103 ne m\u00e2ng\u00e2ie u\u015for. &hellip; <a class=\"readmore\" href=\"https:\/\/parcani.md\/?p=215\">Cite\u015fte mai mult \u00bb<\/a><\/div><\/li>\n<li><div class=\"wp-block-latest-posts__featured-image alignleft\"><img loading=\"lazy\" decoding=\"async\" width=\"150\" height=\"150\" src=\"https:\/\/parcani.md\/wp-content\/uploads\/2025\/01\/FB_IMG_1736432126829-150x150.jpg\" class=\"attachment-thumbnail size-thumbnail wp-post-image\" alt=\"\" style=\"\" srcset=\"https:\/\/parcani.md\/wp-content\/uploads\/2025\/01\/FB_IMG_1736432126829-150x150.jpg 150w, https:\/\/parcani.md\/wp-content\/uploads\/2025\/01\/FB_IMG_1736432126829-210x210.jpg 210w\" sizes=\"auto, (max-width: 150px) 100vw, 150px\" \/><\/div><a class=\"wp-block-latest-posts__post-title\" href=\"https:\/\/parcani.md\/?p=159\">\u201eUr\u0103ri de Suflet pentru P\u0103rintele \u0218tefan din Satul Parcani, cu Ocazia Zilei de Na\u0219tere\u201d<\/a><time datetime=\"2025-01-09T14:17:28+00:00\" class=\"wp-block-latest-posts__post-date\">9 ianuarie 2025<\/time><div class=\"wp-block-latest-posts__post-excerpt\">Cu deosebit\u0103 pl\u0103cere transmitem sentimentul de gratitudine \u0219i alese aprecieri P\u0103rintelui Paroh \u0218tefan, de la Biserica cu Hramul ,,Sf\u00e2ntul Ierarh Nicolae\u201d din satul Parcani cu ocazia zilei de na\u0219tere. Fie &hellip; <a class=\"readmore\" href=\"https:\/\/parcani.md\/?p=159\">Cite\u015fte mai mult \u00bb<\/a><\/div><\/li>\n<\/ul>\n\n\n<div class=\"wp-block-buttons is-content-justification-center is-layout-flex wp-container-core-buttons-is-layout-16018d1d wp-block-buttons-is-layout-flex\">\n<div class=\"wp-block-button is-style-outline is-style-outline--2\"><a class=\"wp-block-button__link has-text-align-center wp-element-button\" href=\"\/?page_id=80\">Vezi toate &gt;<\/a><\/div>\n<\/div>\n\n\n\n<p><\/p>\n\n\n\n<p><\/p>\n\n\n\n<style>\n    .contact-container {\n      display: flex;\n      gap: 40px;\n      align-items: flex-start;\n      max-width: 1200px;\n      margin: auto;\n      background-color: #fff;\n      padding: 30px;\n      border-radius: 10px;\n      box-shadow: 0 0 20px rgba(0, 0, 0, 0.05);\n    }\n    .contact-details {\n      flex: 1;\n    }\n    .contact-details h2 {\n      font-size: 28px;\n      color: #222;\n      margin-bottom: 10px;\n    }\n    .contact-details p {\n      color: #666;\n      margin-bottom: 20px;\n    }\n    .contact-item {\n      display: flex;\n      align-items: center;\n      margin-bottom: 20px;\n      color: #004b87;\n      font-size: 18px;\n    }\n    .contact-item svg {\n      width: 24px;\n      height: 24px;\n      margin-right: 15px;\n      fill: #004b87;\n    }\n    .map-container {\n      flex: 1;\n      height: 300px;\n      border-radius: 10px;\n      overflow: hidden;\n    }\n    iframe {\n      width: 100%;\n      height: 100%;\n      border: none;\n    }\n  <\/style>\n  <div class=\"contact-container\">\n    <div class=\"contact-details\">\n      <h2>Date de contact<\/h2>\n      <p>Utilizeaz\u0103 datele de mai jos pentru a ne contacta.<\/p>\n      <div class=\"contact-item\">\n        <!-- Email Icon -->\n        <svg xmlns=\"http:\/\/www.w3.org\/2000\/svg\" viewBox=\"0 0 24 24\"><path d=\"M20 4H4c-1.1 0-1.99.9-1.99 2L2 18a2 2 0 002 2h16a2 2 0 002-2V6a2 2 0 00-2-2zm0 4l-8 5-8-5V6l8 5 8-5v2z\"\/><\/svg>\n        <span>primaria@parcani.md<\/span>\n      <\/div>\n      <div class=\"contact-item\">\n        <!-- Phone Icon -->\n        <svg xmlns=\"http:\/\/www.w3.org\/2000\/svg\" viewBox=\"0 0 24 24\"><path d=\"M6.62 10.79a15.053 15.053 0 006.59 6.59l2.2-2.2a1.003 1.003 0 011.11-.21c1.12.45 2.33.69 3.48.69.55 0 1 .45 1 1v3.5a1 1 0 01-1 1C10.84 21 3 13.16 3 3.5A1 1 0 014 2.5H7.5c.55 0 1 .45 1 1 0 1.15.24 2.36.69 3.48.14.35.07.76-.21 1.04l-2.36 2.37z\"\/><\/svg>\n        <span>+373 (0-272) 62-2-38<\/span>\n      <\/div>\n      <div class=\"contact-item\">\n        <!-- Location Icon -->\n        <svg xmlns=\"http:\/\/www.w3.org\/2000\/svg\" viewBox=\"0 0 24 24\"><path d=\"M12 2C8.14 2 5 5.14 5 9c0 5.25 7 13 7 13s7-7.75 7-13c0-3.86-3.14-7-7-7zm0 9.5c-1.38 0-2.5-1.12-2.5-2.5S10.62 6.5 12 6.5s2.5 1.12 2.5 2.5S13.38 11.5 12 11.5z\"\/><\/svg>\n        <span>satul Parcani, Raionul \u0218old\u0103ne\u0219ti, MD-7225<\/span>\n      <\/div>\n    <\/div>\n    <div class=\"map-container\">\n      <iframe\n        src=\"https:\/\/www.google.com\/maps\/embed?pb=!1m18!1m12!1m3!1d271.58887099893395!2d28.8345492!3d47.8165017!2m3!1f0!2f0!3f0!3m2!1i1024!2i768!4f13.1!3m3!1m2!1s0x40cc6fa7dc73c935%3A0x14e687fe02083eb5!2sPrim%C4%83ria%20Parcani!5e0!3m2!1sro!2smd!4v1714549288000!5m2!1sro!2smd\"\n        loading=\"lazy\"\n        allowfullscreen=\"\"\n        referrerpolicy=\"no-referrer-when-downgrade\">\n      <\/iframe>\n    <\/div>\n  <\/div>\n","protected":false},"excerpt":{"rendered":"<p>Dispozi\u021biile primarului Deciziile consiliului Proiecte de decizii Nout\u0103\u021bi Evenimente \u0219i Anun\u021buri Vezi cele mai recente nout\u0103\u021bi \u0219i anun\u021buri.<\/p>\n","protected":false},"author":1,"featured_media":0,"parent":0,"menu_order":0,"comment_status":"closed","ping_status":"closed","template":"","meta":{"footnotes":""},"class_list":["post-95","page","type-page","status-publish","hentry"],"_links":{"self":[{"href":"https:\/\/parcani.md\/index.php?rest_route=\/wp\/v2\/pages\/95","targetHints":{"allow":["GET"]}}],"collection":[{"href":"https:\/\/parcani.md\/index.php?rest_route=\/wp\/v2\/pages"}],"about":[{"href":"https:\/\/parcani.md\/index.php?rest_route=\/wp\/v2\/types\/page"}],"author":[{"embeddable":true,"href":"https:\/\/parcani.md\/index.php?rest_route=\/wp\/v2\/users\/1"}],"replies":[{"embeddable":true,"href":"https:\/\/parcani.md\/index.php?rest_route=%2Fwp%2Fv2%2Fcomments&post=95"}],"version-history":[{"count":71,"href":"https:\/\/parcani.md\/index.php?rest_route=\/wp\/v2\/pages\/95\/revisions"}],"predecessor-version":[{"id":345,"href":"https:\/\/parcani.md\/index.php?rest_route=\/wp\/v2\/pages\/95\/revisions\/345"}],"wp:attachment":[{"href":"https:\/\/parcani.md\/index.php?rest_route=%2Fwp%2Fv2%2Fmedia&parent=95"}],"curies":[{"name":"wp","href":"https:\/\/api.w.org\/{rel}","templated":true}]}}