{"id":49,"date":"2024-09-09T19:51:35","date_gmt":"2024-09-09T19:51:35","guid":{"rendered":"https:\/\/parcani.md\/?page_id=49"},"modified":"2025-04-20T13:22:49","modified_gmt":"2025-04-20T13:22:49","slug":"cv-ul-primarul","status":"publish","type":"page","link":"https:\/\/parcani.md\/?page_id=49","title":{"rendered":"CV-ul Primarul"},"content":{"rendered":"\n<table style=\"width: 100%;\" border=\"0\" cellspacing=\"0\" cellpadding=\"4\">\n<tbody>\n<tr>\n<td style=\"background-color: #dfe1e0;\" colspan=\"3\"><strong>INFORMA\u0162II PERSONALE<\/strong><\/td>\n<td rowspan=\"11\" align=\"center\" valign=\"top\"><img loading=\"lazy\" decoding=\"async\" style=\"box-shadow: 3px 3px 3px #000; margin: 0px 0px 9px 0px;\" src=\"assets\/images\/imagini_utile\/valeriu-lopaci.jpg\" alt=\"Valeriu Lopaci Primar\" width=\"266\" height=\"305\" \/><\/td>\n<\/tr>\n<tr style=\"text-align: justify;\">\n<td width=\"20%\">Nume<\/td>\n<td>&nbsp;&#8211;<\/td>\n<td><strong>Lopaci<\/strong><\/td>\n<\/tr>\n<tr>\n<td>Prenume<\/td>\n<td width=\"45\">&nbsp;&#8211;<\/td>\n<td><strong>Valeriu<\/strong><\/td>\n<\/tr>\n<tr>\n<td>Data na\u015fterii<\/td>\n<td>&nbsp;&#8211;<\/td>\n<td>11 noiembrie 1966<\/td>\n<\/tr>\n<tr>\n<td>Na\u0163ionalitatea<\/td>\n<td>&nbsp;&#8211;<\/td>\n<td>moldovean<\/td>\n<\/tr>\n<tr>\n<td>Statultul social<\/td>\n<td>&nbsp;&#8211;<\/td>\n<td>c\u0103s\u0103torit<\/td>\n<\/tr>\n<tr>\n<td>Adresa de contact<\/td>\n<td>&nbsp;&#8211;<\/td>\n<td>\n<p style=\"text-align: justify;\">s.Parcani, r.\u0218old\u0103ne\u0219ti<\/p>\n<\/td>\n<\/tr>\n<tr>\n<td>\n<p>Telefon&nbsp;<\/p>\n<\/td>\n<td>&nbsp;&#8211;<\/td>\n<td>+373 272 62 2-36<\/td>\n<\/tr>\n<tr>\n<td>\n<p>Mobil&nbsp;<\/p>\n<\/td>\n<td>&nbsp;&#8211;<\/td>\n<td>&nbsp;&#8211;<\/td>\n<\/tr>\n<tr>\n<td>Fax<\/td>\n<td>&nbsp;&#8211;<\/td>\n<td>+373 272 62 2-36<\/td>\n<\/tr>\n<tr>\n<td>E-mail<\/td>\n<td>&#8211;<\/td>\n<td><a href=\"mailto:lopaci6v@yahoo.com\">lopaci6v@yahoo.com<\/a> <span style=\"display: none;\">Aceast\u0103 adres\u0103 de email este protejat\u0103 de spambots. Trebuie s\u0103 ave\u021bi JavaScript activat ca s\u0103 o pute\u021bi vedea. <\/span><\/td>\n<\/tr>\n<tr>\n<td style=\"background-color: #dfe1e0;\" colspan=\"4\"><strong>STUDII<\/strong><\/td>\n<\/tr>\n<tr>\n<td>&nbsp;<\/td>\n<td>&nbsp;&#8211;<\/td>\n<td style=\"text-align: justify;\" colspan=\"2\">\u0218coala Pedagogic\u0103 din Orhei<\/td>\n<\/tr>\n<tr>\n<td>&nbsp;<\/td>\n<td>&nbsp;&#8211;<\/td>\n<td style=\"text-align: justify;\" colspan=\"2\">Universitatea Pedagogic\u0103 de Stat<\/td>\n<\/tr>\n<tr>\n<td style=\"background-color: #dfe1e0;\" colspan=\"4\"><strong><strong>EXPERIEN\u0162\u0102 PROFESIONAL\u0102<\/strong><\/strong><\/td>\n<\/tr>\n<tr>\n<td>&nbsp;1985 &#8211; 2007<\/td>\n<td>&nbsp;&#8211;<\/td>\n<td style=\"text-align: justify;\" colspan=\"2\">Profesor geografie biologie<\/td>\n<\/tr>\n<tr>\n<td>&nbsp;2007 &#8211; prezent<\/td>\n<td>&nbsp;&#8211;<\/td>\n<td style=\"text-align: justify;\" colspan=\"2\">Primar al satului Parcani<\/td>\n<\/tr>\n<tr>\n<td style=\"background-color: #dfe1e0;\" colspan=\"4\"><strong><span style=\"color: #ff0000;\">Orar de audien\u021b\u0103<\/span><br \/><\/strong><\/td>\n<\/tr>\n<tr>\n<td>&nbsp;<\/td>\n<td>&nbsp;&#8211;<\/td>\n<td style=\"text-align: justify;\" colspan=\"2\">&nbsp;&#8211;<\/td>\n<\/tr>\n<tr>\n<td>&nbsp;<\/td>\n<td>&nbsp;&#8211;<\/td>\n<td style=\"text-align: justify;\" colspan=\"2\">&nbsp;&#8211;<\/td>\n<\/tr>\n<\/tbody>\n<\/table>\n<p><strong><br \/>Atribu\u0163iile de baz\u0103 ale primarului:<\/strong><\/p>\n<blockquote dir=\"ltr\" style=\"margin-right: 0px;\">\n<blockquote dir=\"ltr\" style=\"margin-right: 0px;\">\n<p>(1) Pornind de la domeniile de activitate ale autorit\u0103\u0163ilor administra\u0163iei publice locale de nivelul &icirc;nt&icirc;i, stabilite la art.4 alin.(1) din Legea privind descentralizarea administrativ\u0103, primarul exercit\u0103 &icirc;n teritoriul administrat urm\u0103toarele atribu\u0163ii de baz\u0103:<br \/><br \/>a) asigur\u0103 executarea deciziilor consiliului local;<br \/><br \/>b) propune, &icirc;n condi\u0163iile legii, organigrama \u015fi statele prim\u0103riei, schema de salarizare a personalului acesteia \u015fi le supune aprob\u0103rii consiliului local;<br \/><br \/>c) nume\u015fte, stabile\u015fte atribu\u0163iile \u015fi elibereaz\u0103 din func\u0163ie \u015fefii de subdiviziuni, de servicii, de &icirc;ntreprinderi municipale din subordine, personalul prim\u0103riei, conduce \u015fi controleaz\u0103 activitatea acestora, contribuie la formarea \u015fi reciclarea profesional\u0103;<br \/><br \/>d) stabile\u015fte atribu\u0163iile viceprimarului (viceprimarilor);<br \/><br \/>e) asigur\u0103 elaborarea proiectului de buget local al unit\u0103\u0163ii administrativ-teritoriale pe urm\u0103torul an bugetar \u015fi a contului de &icirc;ncheiere a exerci\u0163iului bugetar \u015fi le prezint\u0103 spre aprobare consiliului local;<br \/><br \/>f) exercit\u0103 func\u0163ia de ordonator principal de credite al satului (comunei), ora\u015fului (municipiului); verific\u0103, din oficiu sau la cerere, &icirc;ncasarea \u015fi cheltuirea mijloacelor de la bugetul local \u015fi informeaz\u0103 consiliul local despre situa\u0163ia existent\u0103;<br \/><br \/>g) r\u0103spunde de inventarierea \u015fi administrarea bunurilor domeniului public \u015fi celui privat ale satului (comunei), ora\u015fului (municipiului), &icirc;n limitele competen\u0163ei sale;<br \/><br \/>h) exercit\u0103, &icirc;n condi\u0163iile legii, supravegherea activit\u0103\u0163ilor din t&icirc;rguri, pie\u0163e, oboare, parcuri, spa\u0163ii verzi, locuri de distrac\u0163ie \u015fi agrement \u015fi ia m\u0103suri operative pentru buna lor func\u0163ionare;<br \/><br \/>i) propune consiliului local schema de organizare \u015fi condi\u0163iile de prestare a serviciilor publice de gospod\u0103rie comunal\u0103, ia m\u0103suri pentru buna func\u0163ionare a serviciilor respective de gospod\u0103rie comunal\u0103;<br \/><br \/>j) conduce, coordoneaz\u0103 \u015fi controleaz\u0103 activitatea serviciilor publice locale, asigur\u0103 func\u0163ionarea serviciului stare civil\u0103, a autorit\u0103\u0163ii tutelare, contribuie la realizarea m\u0103surilor de asisten\u0163\u0103 social\u0103 \u015fi ajutor social;<br \/><br \/>k) elibereaz\u0103 autoriza\u0163iile \u015fi licen\u0163ele prev\u0103zute de lege;<br \/><br \/>l) asigur\u0103 securitatea traficului rutier \u015fi pietonal prin organizarea circula\u0163iei transportului, prin &icirc;ntre\u0163inerea drumurilor, podurilor \u015fi instalarea semnelor rutiere &icirc;n raza teritoriului administrat;<br \/><br \/>m) asigur\u0103 repartizarea fondului locativ \u015fi controlul asupra &icirc;ntre\u0163inerii \u015fi gestion\u0103rii acestuia &icirc;n unitatea administrativ-teritorial\u0103 respectiv\u0103;<br \/><br \/>n) reprezint\u0103 colectivitatea local\u0103 &icirc;n rela\u0163iile cu alte autorit\u0103\u0163i publice, persoane fizice sau juridice din \u0163ar\u0103 sau din str\u0103in\u0103tate, precum \u015fi &icirc;n instan\u0163ele judec\u0103tore\u015fti, &icirc;n condi\u0163iile legii; semneaz\u0103 actele \u015fi contractele &icirc;ncheiate &icirc;n numele colectivit\u0103\u0163ii locale, cu excep\u0163iile prev\u0103zute de lege;<br \/><br \/>o) prezint\u0103 consiliului local, anual \u015fi ori de c&icirc;te ori este necesar, rapoarte cu privire la situa\u0163ia social-economic\u0103 a satului (comunei), ora\u015fului (municipiului);<br \/><br \/>p) &icirc;nregistreaz\u0103 asocia\u0163iile ob\u015fte\u015fti care inten\u0163ioneaz\u0103 s\u0103 activeze &icirc;n unitatea administrativ-teritorial\u0103 respectiv\u0103;<br \/><br \/>q) exercit\u0103, &icirc;n numele consiliului local, func\u0163iile de autoritate tutelar\u0103, supravegheaz\u0103 activitatea tutorilor \u015fi a curatorilor;<br \/><br \/>r) coordoneaz\u0103 activitatea de asisten\u0163\u0103 social\u0103 privind copiii, persoanele &icirc;n etate, invalizii, familiile cu mul\u0163i copii, alte categorii de persoane socialmente vulnerabile, sprijin\u0103 activitatea asocia\u0163iilor ob\u015fte\u015fti de utilitate public\u0103 din teritoriul satului (comunei), ora\u015fului (municipiului);<br \/><br \/>s) asigur\u0103 elaborarea planului general de urbanism \u015fi a documenta\u0163iei de urbanism \u015fi amenajare a teritoriului \u015fi le prezint\u0103 spre aprobare consiliului local, &icirc;n condi\u0163iile legii;<br \/><br \/>t) constat\u0103 &icirc;nc\u0103lc\u0103rile legisla\u0163iei &icirc;n vigoare comise de persoane fizice \u015fi juridice &icirc;n teritoriul administrat, ia m\u0103suri pentru &icirc;nl\u0103turarea sau curmarea acestora \u015fi, dup\u0103 caz, sesizeaz\u0103 organele de drept, acestea fiind obligate s\u0103 reac\u0163ioneze cu promptitudine, &icirc;n condi\u0163iile legii, la solicit\u0103rile primarului;<br \/><br \/>u) ia m\u0103suri de interzicere sau de suspendare a spectacolelor, reprezenta\u0163iilor sau altor manifest\u0103ri publice care contravin ordinii de drept sau bunelor moravuri, care atenteaz\u0103 la ordinea \u015fi lini\u015ftea public\u0103;<br \/><br \/>v) propune consiliului local consultarea popula\u0163iei prin referendum &icirc;n probleme locale de interes deosebit, ia m\u0103suri pentru organizarea acestor consult\u0103ri;<br \/><br \/>w) stabile\u015fte locul desf\u0103\u015fur\u0103rii &icirc;ntrunirilor publice \u015fi condi\u0163iile ce \u0163in de securitatea \u015fi igiena general\u0103 a habitatului uman;<br \/><br \/>x) ia, &icirc;n comun cu autorit\u0103\u0163ile centrale de specialitate \u015fi cu serviciile publice desconcentrate ale acestora, m\u0103suri de prevenire \u015fi diminuare a consecin\u0163elor calamit\u0103\u0163ilor naturale, catastrofelor, incendiilor, epidemiilor, epifitotiilor \u015fi epizootiilor \u015fi, &icirc;n acest scop, dispune, cu titlu executoriu, mobilizarea, dup\u0103 caz, a popula\u0163iei, agen\u0163ilor economici \u015fi institu\u0163iilor publice din localitate;<br \/><br \/>y) sprijin\u0103 colaborarea cu localit\u0103\u0163i din alte \u0163\u0103ri, contribuie la extinderea cooper\u0103rii \u015fi a leg\u0103turilor directe cu acestea.<\/p>\n<\/blockquote>\n<\/blockquote>\n<blockquote dir=\"ltr\" style=\"margin-right: 0px;\">\n<blockquote dir=\"ltr\" style=\"margin-right: 0px;\">\n<p><br \/>(2) Primarul, &icirc;n calitatea sa de autoritate public\u0103 local\u0103 executiv\u0103, exercit\u0103 \u015fi alte atribu\u0163ii prev\u0103zute de legisla\u0163ia &icirc;n vigoare sau &icirc;ncredin\u0163ate de consiliul local.<\/p>\n<\/blockquote>\n<\/blockquote>\n<p><strong>Actele primarului:<br \/><\/strong>(1) &Icirc;n exercitarea atribu\u0163iilor sale, primarul emite dispozi\u0163ii cu caracter normativ \u015fi individual.<\/p>\n<p><br \/>(2) Dispozi\u0163iile cu caracter normativ se remit, &icirc;n termen de 5 zile dup\u0103 semnare, direc\u0163iei teritoriale control administrativ \u015fi intr\u0103 &icirc;n vigoare la momentul aducerii lor la cuno\u015ftin\u0163\u0103 public\u0103.<\/p>\n<p><br \/>(3) Dispozi\u0163iile cu caracter individual devin executorii dup\u0103 ce s&icirc;nt aduse la cuno\u015ftin\u0163\u0103 persoanelor vizate.<\/p>\n","protected":false},"excerpt":{"rendered":"<p>INFORMA\u0162II PERSONALE Nume &nbsp;&#8211; Lopaci Prenume &nbsp;&#8211; Valeriu Data na\u015fterii &nbsp;&#8211; 11 noiembrie 1966 Na\u0163ionalitatea &nbsp;&#8211; moldovean Statultul social &nbsp;&#8211; c\u0103s\u0103torit Adresa de contact &nbsp;&#8211; s.Parcani, r.\u0218old\u0103ne\u0219ti Telefon&nbsp; &nbsp;&#8211; +373 272 &hellip; <a class=\"readmore\" href=\"https:\/\/parcani.md\/?page_id=49\">Cite\u015fte mai mult \u00bb<\/a><\/p>\n","protected":false},"author":1,"featured_media":0,"parent":0,"menu_order":0,"comment_status":"closed","ping_status":"closed","template":"","meta":{"footnotes":""},"class_list":["post-49","page","type-page","status-publish","hentry"],"_links":{"self":[{"href":"https:\/\/parcani.md\/index.php?rest_route=\/wp\/v2\/pages\/49","targetHints":{"allow":["GET"]}}],"collection":[{"href":"https:\/\/parcani.md\/index.php?rest_route=\/wp\/v2\/pages"}],"about":[{"href":"https:\/\/parcani.md\/index.php?rest_route=\/wp\/v2\/types\/page"}],"author":[{"embeddable":true,"href":"https:\/\/parcani.md\/index.php?rest_route=\/wp\/v2\/users\/1"}],"replies":[{"embeddable":true,"href":"https:\/\/parcani.md\/index.php?rest_route=%2Fwp%2Fv2%2Fcomments&post=49"}],"version-history":[{"count":3,"href":"https:\/\/parcani.md\/index.php?rest_route=\/wp\/v2\/pages\/49\/revisions"}],"predecessor-version":[{"id":269,"href":"https:\/\/parcani.md\/index.php?rest_route=\/wp\/v2\/pages\/49\/revisions\/269"}],"wp:attachment":[{"href":"https:\/\/parcani.md\/index.php?rest_route=%2Fwp%2Fv2%2Fmedia&parent=49"}],"curies":[{"name":"wp","href":"https:\/\/api.w.org\/{rel}","templated":true}]}}